{"id":1551,"date":"2025-03-20T10:15:18","date_gmt":"2025-03-20T09:15:18","guid":{"rendered":"https:\/\/da-tek.dk\/?page_id=1551"},"modified":"2025-03-27T12:54:15","modified_gmt":"2025-03-27T11:54:15","slug":"industrielektriker","status":"publish","type":"page","link":"https:\/\/da-tek.dk\/en\/industrielektriker\/","title":{"rendered":"Elementor #1551"},"content":{"rendered":"<div data-elementor-type=\"wp-page\" data-elementor-id=\"1551\" class=\"elementor elementor-1551\" data-elementor-post-type=\"page\">\n\t\t\t\t<div class=\"elementor-element elementor-element-8788a28 e-con-full e-flex e-con e-parent\" data-id=\"8788a28\" data-element_type=\"container\" data-settings=\"{&quot;background_background&quot;:&quot;classic&quot;}\">\n\t\t\t\t<\/div>\n\t\t<div class=\"elementor-element elementor-element-de3cd41 e-flex e-con-boxed e-con e-parent\" data-id=\"de3cd41\" data-element_type=\"container\">\n\t\t\t\t\t<div class=\"e-con-inner\">\n\t\t<div class=\"elementor-element elementor-element-503f11b e-flex e-con-boxed e-con e-child\" data-id=\"503f11b\" data-element_type=\"container\">\n\t\t\t\t\t<div class=\"e-con-inner\">\n\t\t\t\t<div class=\"elementor-element elementor-element-c6884e9 elementor-widget elementor-widget-heading\" data-id=\"c6884e9\" data-element_type=\"widget\" data-widget_type=\"heading.default\">\n\t\t\t\t<div class=\"elementor-widget-container\">\n\t\t\t\t\t<h1 class=\"elementor-heading-title elementor-size-default\"><span style=\", Helvetica, Arial, sans-serif;font-size: 24px;font-style: normal;font-weight: 600\">Industrielektriker\/automatiktekniker<\/span><\/h1>\t\t\t\t<\/div>\n\t\t\t\t<\/div>\n\t\t\t\t<div class=\"elementor-element elementor-element-62be640 elementor-align-center elementor-widget elementor-widget-button\" data-id=\"62be640\" data-element_type=\"widget\" data-widget_type=\"button.default\">\n\t\t\t\t<div class=\"elementor-widget-container\">\n\t\t\t\t\t\t\t\t\t<div class=\"elementor-button-wrapper\">\n\t\t\t\t\t<a class=\"elementor-button elementor-button-link elementor-size-sm\" href=\"mailto:rasmus@da-tek.dk\">\n\t\t\t\t\t\t<span class=\"elementor-button-content-wrapper\">\n\t\t\t\t\t\t\t\t\t<span class=\"elementor-button-text\">Ans\u00f8g nu<\/span>\n\t\t\t\t\t<\/span>\n\t\t\t\t\t<\/a>\n\t\t\t\t<\/div>\n\t\t\t\t\t\t\t\t<\/div>\n\t\t\t\t<\/div>\n\t\t\t\t\t<\/div>\n\t\t\t\t<\/div>\n\t\t\t\t<div class=\"elementor-element elementor-element-a13ff22 elementor-widget elementor-widget-text-editor\" data-id=\"a13ff22\" data-element_type=\"widget\" data-widget_type=\"text-editor.default\">\n\t\t\t\t<div class=\"elementor-widget-container\">\n\t\t\t\t\t\t\t\t\t<p data-pm-slice=\"1 1 []\">Kunne du t\u00e6nke dig at blive en del af en virksomhed med vind i sejlene, hvor du f\u00e5r:<\/p>\n<ul data-spread=\"false\">\n<li>En fleksibel hverdag med plads til at planl\u00e6gge, s\u00e5 der ogs\u00e5 er tid til fritid?<\/li>\n<li>Indflydelse p\u00e5 virksomhedens videre udvikling?<\/li>\n<li>Rig mulighed for at l\u00e6re nye ting, fx gennem specialisering eller kurser?<\/li>\n<\/ul>\n<p>\u201dVi har masser at lave, s\u00e5 du kan byde ind p\u00e5 de ting, der interesserer dig mest. Her er hierarkiet fladt, og det vi skaber, skaber vi sammen.\u201d<\/p>\n<h3>DA-TEK \u2013 en ny, innovativ virksomhed med vind i sejlene<\/h3>\n<p>30 gode kolleger st\u00e5r klar til at byde dig velkommen. Sammen udg\u00f8r vi en autoriseret installationsvirksomhed i Vejle og leverer professionelle el-l\u00f8sninger til vores industri- og erhvervskunder.<\/p>\n<p>Vi har en stor ber\u00f8ringsflade og erfaring med industrielle installationer, bl.a. f\u00f8devarevirksomheder, maskinbyggere, procesanl\u00e6g og produktionsvirksomheder.<\/p>\n<p>\u201dHos os st\u00f8tter vi hinanden, og en af vores vigtige v\u00e6rdier er, at der skal v\u00e6re plads til at have et familieliv. Fungerer det ikke hjemme, fungerer det heller ikke p\u00e5 arbejde,\u201d forklarer Rasmus.<\/p>\n<p>Derfor g\u00e5r vi ogs\u00e5 op i det sociale. Fra at kunne snuppe en sodavand, en \u00f8l eller et slag pool med kollegerne til ture, hvor vores familier er med.<\/p>\n<div>\n<hr>\n<\/div>\n<h3>Et job, der passer til dine f\u00e6rdigheder<\/h3>\n<p>I hverdagen er vi b\u00e5de r\u00e5dgivende og udf\u00f8rende i vores arbejde. Her s\u00f8ger vi netop vores nye kompetente kollega.<\/p>\n<p>F\u00e6lles er, at du kommer til at arbejde med de nyeste teknologier. Du f\u00e5r ogs\u00e5 en god portion kundekontakt, hvor du giver hj\u00e6lp og input til design af l\u00f8sninger. Du f\u00e5r selvf\u00f8lgelig firmabil.<\/p>\n<div>\n<hr>\n<\/div>\n<h3>Elektriker eller automatiktekniker med styr p\u00e5 styringer<\/h3>\n<p>\u201dVi leder efter dig, der byder ind, s\u00e5 vi udvikler virksomheden sammen. Og s\u00e5 er du god til at tage ansvar og t\u00e6nke i mulige l\u00f8sninger, n\u00e5r du er ude hos kunderne.\u201d<\/p>\n<p>Desuden:<\/p>\n<ul data-spread=\"false\">\n<li>Enten er elektriker eller automatiktekniker \u2013 du kan b\u00e5de v\u00e6re nyuddannet eller have erfaring<\/li>\n<li>Har erfaring med industri\/PLC<\/li>\n<li>Taler flydende dansk<\/li>\n<\/ul>\n<div>\n<hr>\n<\/div>\n<h2>Vil du arbejde sammen med os? S\u00e5 send din ans\u00f8gning til:<br><a style=\"font-size: 1em; color: black; text-decoration: none;\" href=\"mailto:rasmus@da-tek.dk\">rasmus@da-tek.dk <br>eller udfyld formularen nedenfor<\/a><\/h2>\t\t\t\t\t\t\t\t<\/div>\n\t\t\t\t<\/div>\n\t\t\t\t\t<\/div>\n\t\t\t\t<\/div>\n\t\t<div class=\"elementor-element elementor-element-00f4271 e-flex e-con-boxed e-con e-parent\" data-id=\"00f4271\" data-element_type=\"container\">\n\t\t\t\t\t<div class=\"e-con-inner\">\n\t\t\t\t<div class=\"elementor-element elementor-element-37950f5 elementor-button-align-stretch elementor-widget elementor-widget-form\" data-id=\"37950f5\" data-element_type=\"widget\" data-settings=\"{&quot;step_next_label&quot;:&quot;N\\u00e6ste&quot;,&quot;step_previous_label&quot;:&quot;Tidligere&quot;,&quot;step_type&quot;:&quot;number_text&quot;,&quot;step_icon_shape&quot;:&quot;circle&quot;}\" data-widget_type=\"form.default\">\n\t\t\t\t<div class=\"elementor-widget-container\">\n\t\t\t\t\t\t\t<form class=\"elementor-form\" method=\"post\" name=\"Kontaktformular\" aria-label=\"Kontaktformular\" action=\"\">\n\t\t\t<input type=\"hidden\" name=\"post_id\" value=\"1551\"\/>\n\t\t\t<input type=\"hidden\" name=\"form_id\" value=\"37950f5\"\/>\n\t\t\t<input type=\"hidden\" name=\"referer_title\" value=\"Industrielektriker\/automatiktekniker | Da-Tek\" \/>\n\n\t\t\t\t\t\t\t<input type=\"hidden\" name=\"queried_id\" value=\"1551\"\/>\n\t\t\t\n\t\t\t<div class=\"elementor-form-fields-wrapper elementor-labels-above\">\n\t\t\t\t\t\t\t\t<div class=\"elementor-field-type-text elementor-field-group elementor-column elementor-field-group-email elementor-col-50 elementor-field-required\">\n\t\t\t\t\t\t\t\t\t\t\t\t\t<input size=\"1\" type=\"text\" name=\"form_fields[email]\" id=\"form-field-email\" class=\"elementor-field elementor-size-md  elementor-field-textual\" placeholder=\"Navn\" required=\"required\">\n\t\t\t\t\t\t\t\t\t\t\t<\/div>\n\t\t\t\t\t\t\t\t<div class=\"elementor-field-type-text elementor-field-group elementor-column elementor-field-group-a580e33 elementor-col-50 elementor-field-required\">\n\t\t\t\t\t\t\t\t\t\t\t\t\t<input size=\"1\" type=\"text\" name=\"form_fields[a580e33]\" id=\"form-field-a580e33\" class=\"elementor-field elementor-size-md  elementor-field-textual\" placeholder=\"Telefonnummer\" required=\"required\">\n\t\t\t\t\t\t\t\t\t\t\t<\/div>\n\t\t\t\t\t\t\t\t<div class=\"elementor-field-type-email elementor-field-group elementor-column elementor-field-group-e70080f elementor-col-50 elementor-field-required\">\n\t\t\t\t\t\t\t\t\t\t\t\t\t<input size=\"1\" type=\"email\" name=\"form_fields[e70080f]\" id=\"form-field-e70080f\" class=\"elementor-field elementor-size-md  elementor-field-textual\" placeholder=\" E-mail\" required=\"required\">\n\t\t\t\t\t\t\t\t\t\t\t<\/div>\n\t\t\t\t\t\t\t\t<div class=\"elementor-field-type-upload elementor-field-group elementor-column elementor-field-group-field_1d17403 elementor-col-100\">\n\t\t\t\t\t\t\t\t\t\t\t\t<label for=\"form-field-field_1d17403\" class=\"elementor-field-label\">\n\t\t\t\t\t\t\t\tUpload CV\t\t\t\t\t\t\t<\/label>\n\t\t\t\t\t\t\t\t<input type=\"file\" name=\"form_fields[field_1d17403]\" id=\"form-field-field_1d17403\" class=\"elementor-field elementor-size-md  elementor-upload-field\" data-maxsize=\"5\" data-maxsize-message=\"Denne fil overskrider den maksimalt tilladte st\u00f8rrelse.\">\n\n\t\t\t\t\t\t<\/div>\n\t\t\t\t\t\t\t\t<div class=\"elementor-field-type-textarea elementor-field-group elementor-column elementor-field-group-70146e9 elementor-col-100 elementor-field-required\">\n\t\t\t\t\t<textarea class=\"elementor-field-textual elementor-field  elementor-size-md\" name=\"form_fields[70146e9]\" id=\"form-field-70146e9\" rows=\"3\" placeholder=\"Besked\" required=\"required\"><\/textarea>\t\t\t\t<\/div>\n\t\t\t\t\t\t\t\t<div class=\"elementor-field-group elementor-column elementor-field-type-submit elementor-col-100 e-form__buttons\">\n\t\t\t\t\t<button class=\"elementor-button elementor-size-md elementor-animation-float\" type=\"submit\">\n\t\t\t\t\t\t<span class=\"elementor-button-content-wrapper\">\n\t\t\t\t\t\t\t\t\t\t\t\t\t\t\t\t\t\t\t\t\t\t<span class=\"elementor-button-text\">Send ans\u00f8gning <\/span>\n\t\t\t\t\t\t\t\t\t\t\t\t\t<\/span>\n\t\t\t\t\t<\/button>\n\t\t\t\t<\/div>\n\t\t\t<\/div>\n\t\t<input type=\"hidden\" name=\"trp-form-language\" value=\"en\"\/><\/form>\n\t\t\t\t\t\t<\/div>\n\t\t\t\t<\/div>\n\t\t\t\t\t<\/div>\n\t\t\t\t<\/div>\n\t\t\t\t<\/div>","protected":false},"excerpt":{"rendered":"<p>Industrielektriker\/automatiktekniker Ans\u00f8g nu Kunne du t\u00e6nke dig at blive en del af en virksomhed med vind i sejlene, hvor du f\u00e5r: En fleksibel hverdag med plads til at planl\u00e6gge, s\u00e5 der ogs\u00e5 er tid til fritid? Indflydelse p\u00e5 virksomhedens videre udvikling? Rig mulighed for at l\u00e6re nye ting, fx gennem specialisering eller kurser? \u201dVi har [&hellip;]<\/p>","protected":false},"author":3,"featured_media":0,"parent":0,"menu_order":0,"comment_status":"closed","ping_status":"closed","template":"","meta":{"site-sidebar-layout":"no-sidebar","site-content-layout":"page-builder","ast-site-content-layout":"full-width-container","site-content-style":"default","site-sidebar-style":"default","ast-global-header-display":"","ast-banner-title-visibility":"","ast-main-header-display":"","ast-hfb-above-header-display":"","ast-hfb-below-header-display":"","ast-hfb-mobile-header-display":"","site-post-title":"disabled","ast-breadcrumbs-content":"","ast-featured-img":"disabled","footer-sml-layout":"","theme-transparent-header-meta":"","adv-header-id-meta":"","stick-header-meta":"","header-above-stick-meta":"","header-main-stick-meta":"","header-below-stick-meta":"","astra-migrate-meta-layouts":"set","ast-page-background-enabled":"default","ast-page-background-meta":{"desktop":{"background-color":"","background-image":"","background-repeat":"repeat","background-position":"center center","background-size":"auto","background-attachment":"scroll","background-type":"","background-media":"","overlay-type":"","overlay-color":"","overlay-opacity":"","overlay-gradient":""},"tablet":{"background-color":"","background-image":"","background-repeat":"repeat","background-position":"center center","background-size":"auto","background-attachment":"scroll","background-type":"","background-media":"","overlay-type":"","overlay-color":"","overlay-opacity":"","overlay-gradient":""},"mobile":{"background-color":"","background-image":"","background-repeat":"repeat","background-position":"center center","background-size":"auto","background-attachment":"scroll","background-type":"","background-media":"","overlay-type":"","overlay-color":"","overlay-opacity":"","overlay-gradient":""}},"ast-content-background-meta":{"desktop":{"background-color":"var(--ast-global-color-5)","background-image":"","background-repeat":"repeat","background-position":"center center","background-size":"auto","background-attachment":"scroll","background-type":"","background-media":"","overlay-type":"","overlay-color":"","overlay-opacity":"","overlay-gradient":""},"tablet":{"background-color":"var(--ast-global-color-5)","background-image":"","background-repeat":"repeat","background-position":"center center","background-size":"auto","background-attachment":"scroll","background-type":"","background-media":"","overlay-type":"","overlay-color":"","overlay-opacity":"","overlay-gradient":""},"mobile":{"background-color":"var(--ast-global-color-5)","background-image":"","background-repeat":"repeat","background-position":"center center","background-size":"auto","background-attachment":"scroll","background-type":"","background-media":"","overlay-type":"","overlay-color":"","overlay-opacity":"","overlay-gradient":""}},"footnotes":""},"class_list":["post-1551","page","type-page","status-publish","hentry"],"yoast_head":"<!-- This site is optimized with the Yoast SEO plugin v26.9 - https:\/\/yoast.com\/product\/yoast-seo-wordpress\/ -->\n<title>Industrielektriker\/automatiktekniker | Da-Tek<\/title>\n<meta name=\"description\" content=\"S\u00f8g jobbet som Industrielektriker\/automatiktekniker lige her.\" \/>\n<meta name=\"robots\" content=\"index, follow, max-snippet:-1, max-image-preview:large, max-video-preview:-1\" \/>\n<link rel=\"canonical\" href=\"https:\/\/da-tek.dk\/en\/industrielektriker\/\" \/>\n<meta property=\"og:locale\" content=\"en_GB\" \/>\n<meta property=\"og:type\" content=\"article\" \/>\n<meta property=\"og:title\" content=\"Industrielektriker\/automatiktekniker | Da-Tek\" \/>\n<meta property=\"og:description\" content=\"S\u00f8g jobbet som Industrielektriker\/automatiktekniker lige her.\" \/>\n<meta property=\"og:url\" content=\"https:\/\/da-tek.dk\/en\/industrielektriker\/\" \/>\n<meta property=\"og:site_name\" content=\"Da-Tek.dk\" \/>\n<meta property=\"article:modified_time\" content=\"2025-03-27T11:54:15+00:00\" \/>\n<meta name=\"twitter:card\" content=\"summary_large_image\" \/>\n<meta name=\"twitter:label1\" content=\"Estimated reading time\" \/>\n\t<meta name=\"twitter:data1\" content=\"2 minutes\" \/>\n<script type=\"application\/ld+json\" class=\"yoast-schema-graph\">{\"@context\":\"https:\/\/schema.org\",\"@graph\":[{\"@type\":\"WebPage\",\"@id\":\"https:\/\/da-tek.dk\/industrielektriker\/\",\"url\":\"https:\/\/da-tek.dk\/industrielektriker\/\",\"name\":\"Industrielektriker\/automatiktekniker | Da-Tek\",\"isPartOf\":{\"@id\":\"https:\/\/da-tek.dk\/#website\"},\"datePublished\":\"2025-03-20T09:15:18+00:00\",\"dateModified\":\"2025-03-27T11:54:15+00:00\",\"description\":\"S\u00f8g jobbet som Industrielektriker\/automatiktekniker lige her.\",\"inLanguage\":\"en-GB\",\"potentialAction\":[{\"@type\":\"ReadAction\",\"target\":[\"https:\/\/da-tek.dk\/industrielektriker\/\"]}]},{\"@type\":\"WebSite\",\"@id\":\"https:\/\/da-tek.dk\/#website\",\"url\":\"https:\/\/da-tek.dk\/\",\"name\":\"Da-Tek.dk\",\"description\":\"\",\"publisher\":{\"@id\":\"https:\/\/da-tek.dk\/#organization\"},\"potentialAction\":[{\"@type\":\"SearchAction\",\"target\":{\"@type\":\"EntryPoint\",\"urlTemplate\":\"https:\/\/da-tek.dk\/?s={search_term_string}\"},\"query-input\":{\"@type\":\"PropertyValueSpecification\",\"valueRequired\":true,\"valueName\":\"search_term_string\"}}],\"inLanguage\":\"en-GB\"},{\"@type\":\"Organization\",\"@id\":\"https:\/\/da-tek.dk\/#organization\",\"name\":\"Da-Tek.dk\",\"url\":\"https:\/\/da-tek.dk\/\",\"logo\":{\"@type\":\"ImageObject\",\"inLanguage\":\"en-GB\",\"@id\":\"https:\/\/da-tek.dk\/#\/schema\/logo\/image\/\",\"url\":\"https:\/\/da-tek.dk\/wp-content\/uploads\/rasmus_daugaard_Color-logo-with-background.svg\",\"contentUrl\":\"https:\/\/da-tek.dk\/wp-content\/uploads\/rasmus_daugaard_Color-logo-with-background.svg\",\"width\":3161,\"height\":828,\"caption\":\"Da-Tek.dk\"},\"image\":{\"@id\":\"https:\/\/da-tek.dk\/#\/schema\/logo\/image\/\"}}]}<\/script>\n<!-- \/ Yoast SEO plugin. -->","yoast_head_json":{"title":"Industrielektriker\/automatiktekniker | Da-Tek","description":"S\u00f8g jobbet som Industrielektriker\/automatiktekniker lige her.","robots":{"index":"index","follow":"follow","max-snippet":"max-snippet:-1","max-image-preview":"max-image-preview:large","max-video-preview":"max-video-preview:-1"},"canonical":"https:\/\/da-tek.dk\/en\/industrielektriker\/","og_locale":"en_GB","og_type":"article","og_title":"Industrielektriker\/automatiktekniker | Da-Tek","og_description":"S\u00f8g jobbet som Industrielektriker\/automatiktekniker lige her.","og_url":"https:\/\/da-tek.dk\/en\/industrielektriker\/","og_site_name":"Da-Tek.dk","article_modified_time":"2025-03-27T11:54:15+00:00","twitter_card":"summary_large_image","twitter_misc":{"Estimated reading time":"2 minutes"},"schema":{"@context":"https:\/\/schema.org","@graph":[{"@type":"WebPage","@id":"https:\/\/da-tek.dk\/industrielektriker\/","url":"https:\/\/da-tek.dk\/industrielektriker\/","name":"Industrielektriker\/automatiktekniker | Da-Tek","isPartOf":{"@id":"https:\/\/da-tek.dk\/#website"},"datePublished":"2025-03-20T09:15:18+00:00","dateModified":"2025-03-27T11:54:15+00:00","description":"S\u00f8g jobbet som Industrielektriker\/automatiktekniker lige her.","inLanguage":"en-GB","potentialAction":[{"@type":"ReadAction","target":["https:\/\/da-tek.dk\/industrielektriker\/"]}]},{"@type":"WebSite","@id":"https:\/\/da-tek.dk\/#website","url":"https:\/\/da-tek.dk\/","name":"Da-Tek.dk","description":"","publisher":{"@id":"https:\/\/da-tek.dk\/#organization"},"potentialAction":[{"@type":"SearchAction","target":{"@type":"EntryPoint","urlTemplate":"https:\/\/da-tek.dk\/?s={search_term_string}"},"query-input":{"@type":"PropertyValueSpecification","valueRequired":true,"valueName":"search_term_string"}}],"inLanguage":"en-GB"},{"@type":"Organization","@id":"https:\/\/da-tek.dk\/#organization","name":"Da-Tek.dk","url":"https:\/\/da-tek.dk\/","logo":{"@type":"ImageObject","inLanguage":"en-GB","@id":"https:\/\/da-tek.dk\/#\/schema\/logo\/image\/","url":"https:\/\/da-tek.dk\/wp-content\/uploads\/rasmus_daugaard_Color-logo-with-background.svg","contentUrl":"https:\/\/da-tek.dk\/wp-content\/uploads\/rasmus_daugaard_Color-logo-with-background.svg","width":3161,"height":828,"caption":"Da-Tek.dk"},"image":{"@id":"https:\/\/da-tek.dk\/#\/schema\/logo\/image\/"}}]}},"_links":{"self":[{"href":"https:\/\/da-tek.dk\/en\/wp-json\/wp\/v2\/pages\/1551","targetHints":{"allow":["GET"]}}],"collection":[{"href":"https:\/\/da-tek.dk\/en\/wp-json\/wp\/v2\/pages"}],"about":[{"href":"https:\/\/da-tek.dk\/en\/wp-json\/wp\/v2\/types\/page"}],"author":[{"embeddable":true,"href":"https:\/\/da-tek.dk\/en\/wp-json\/wp\/v2\/users\/3"}],"replies":[{"embeddable":true,"href":"https:\/\/da-tek.dk\/en\/wp-json\/wp\/v2\/comments?post=1551"}],"version-history":[{"count":49,"href":"https:\/\/da-tek.dk\/en\/wp-json\/wp\/v2\/pages\/1551\/revisions"}],"predecessor-version":[{"id":1631,"href":"https:\/\/da-tek.dk\/en\/wp-json\/wp\/v2\/pages\/1551\/revisions\/1631"}],"wp:attachment":[{"href":"https:\/\/da-tek.dk\/en\/wp-json\/wp\/v2\/media?parent=1551"}],"curies":[{"name":"wp","href":"https:\/\/api.w.org\/{rel}","templated":true}]}}